{"id":14150,"date":"2023-07-24T20:24:51","date_gmt":"2023-07-24T20:24:51","guid":{"rendered":"https:\/\/www.casacasco.com\/zoen\/"},"modified":"2023-07-24T20:33:44","modified_gmt":"2023-07-24T20:33:44","slug":"zoen","status":"publish","type":"page","link":"https:\/\/www.casacasco.com\/en\/zoen\/","title":{"rendered":"Zoen"},"content":{"rendered":"<section class=\"wpb-content-wrapper\"><p>[vc_section full_width=&#8221;stretch_row&#8221; css_animation=&#8221;fadeIn&#8221; conditional_render=&#8221;%5B%7B%22value_role%22%3A%22administrator%22%7D%5D&#8221; css=&#8221;.vc_custom_1684511356982{background-position: center !important;background-repeat: no-repeat !important;background-size: cover !important;}&#8221; el_class=&#8221;banner-header&#8221;][vc_row full_width=&#8221;stretch_row_content_no_spaces&#8221; el_class=&#8221;banner-header&#8221; conditional_render=&#8221;%5B%7B%22value_role%22%3A%22administrator%22%7D%5D&#8221;][vc_column]<div class=\"porto-carousel owl-carousel has-ccols ccols-1 wpb_custom_c86c2fb53cae9eced42d4b8900a042f3 nav-style-2\" data-plugin-options=\"{&quot;stagePadding&quot;:0,&quot;margin&quot;:0,&quot;autoplay&quot;:&quot;yes&quot;,&quot;mouseDrag&quot;:true,&quot;touchDrag&quot;:true,&quot;autoplayTimeout&quot;:3000,&quot;autoplayHoverPause&quot;:false,&quot;items&quot;:1,&quot;lg&quot;:1,&quot;md&quot;:1,&quot;sm&quot;:1,&quot;xs&quot;:1,&quot;nav&quot;:&quot;yes&quot;,&quot;dots&quot;:false,&quot;animateIn&quot;:&quot;&quot;,&quot;animateOut&quot;:&quot;&quot;,&quot;loop&quot;:false,&quot;center&quot;:false,&quot;video&quot;:false,&quot;lazyLoad&quot;:false,&quot;fullscreen&quot;:false}\">[vc_row_inner wrap_container=&#8221;yes&#8221; el_class=&#8221;overlay-header&#8221; css=&#8221;.vc_custom_1690230276646{background-image: url(https:\/\/www.casacasco.com\/wp-content\/uploads\/banner-zoen.jpg?id=14142) !important;background-position: center !important;background-repeat: no-repeat !important;background-size: cover !important;}&#8221; animation_type=&#8221;fadeIn&#8221;][vc_column_inner el_class=&#8221;text-titulos-header paginas-min&#8221;][vc_single_image image=&#8221;14156&#8243; img_size=&#8221;full&#8221; alignment=&#8221;center&#8221; el_class=&#8221;logo-paginas-menu&#8221; label=&#8221;&#8221;]<div class=\"porto-u-heading  wpb_custom_9a64ae80afea3ba5225c1f9c923d2156\" data-hspacer=\"no_spacer\" data-halign=\"center\" style=\"text-align:center\"><div class=\"porto-u-main-heading\"><h2   style=\"color:#ffffff;\">PROXIMAMENTE<\/h2><\/div><\/div>[\/vc_column_inner][\/vc_row_inner]<\/div>[\/vc_column][\/vc_row][\/vc_section][vc_section css=&#8221;.vc_custom_1690230810002{padding-top: 50px !important;}&#8221; conditional_render=&#8221;%5B%7B%22value_role%22%3A%22administrator%22%7D%5D&#8221; el_class=&#8221;d-none&#8221;][vc_row][vc_column css=&#8221;.vc_custom_1686944046893{border-bottom-width: 1px !important;border-bottom-color: #dddddd !important;border-bottom-style: solid !important;}&#8221; conditional_render=&#8221;%5B%7B%22value_role%22%3A%22administrator%22%7D%5D&#8221;][vc_single_image image=&#8221;14146&#8243; img_size=&#8221;full&#8221; alignment=&#8221;center&#8221; el_class=&#8221;logo-paginas-menu&#8221;][\/vc_column][\/vc_row][vc_row conditional_render=&#8221;%5B%7B%22value_role%22%3A%22administrator%22%7D%5D&#8221; css=&#8221;.vc_custom_1690230802473{padding-top: 20px !important;padding-bottom: 35px !important;}&#8221; el_class=&#8221;reverse &#8220;][vc_column width=&#8221;2\/3&#8243; offset=&#8221;vc_col-md-8&#8243; conditional_render=&#8221;%5B%7B%22value_role%22%3A%22administrator%22%7D%5D&#8221; css=&#8221;.vc_custom_1686944339005{padding-bottom: 35px !important;}&#8221;][vc_column_text]Nuestro Rooftop, ofrece la mejor vista del Casco Antiguo y la m\u00e1s alta del casco y puedes disfrutar de toda la gastronom\u00eda con aperitivos de Asian, Marula y Kobore nuestros 3 restaurantes, contamos con gran variada de cocteler\u00eda.[\/vc_column_text][vc_row_inner css=&#8221;.vc_custom_1686944396791{padding-top: 25px !important;}&#8221;][vc_column_inner width=&#8221;1\/3&#8243; offset=&#8221;vc_col-md-4&#8243; css=&#8221;.vc_custom_1686943941716{padding-bottom: 20px !important;}&#8221;][vc_single_image image=&#8221;13706&#8243; img_size=&#8221;full&#8221; alignment=&#8221;center&#8221;][\/vc_column_inner][vc_column_inner width=&#8221;1\/3&#8243; offset=&#8221;vc_col-md-4&#8243; css=&#8221;.vc_custom_1686943947861{padding-bottom: 20px !important;}&#8221;][vc_single_image image=&#8221;13708&#8243; img_size=&#8221;full&#8221; alignment=&#8221;center&#8221;][\/vc_column_inner][vc_column_inner width=&#8221;1\/3&#8243; offset=&#8221;vc_col-md-4&#8243; css=&#8221;.vc_custom_1686943955180{padding-bottom: 20px !important;}&#8221;][vc_single_image image=&#8221;13710&#8243; img_size=&#8221;full&#8221; alignment=&#8221;center&#8221;][\/vc_column_inner][\/vc_row_inner][vc_column_text css=&#8221;.vc_custom_1686947567205{padding-top: 15px !important;}&#8221; el_class=&#8221;btn-center&#8221;]<\/p>\n<div class=\"btn-formato dark\">\n<div class=\"btn-formato_inner\"><a class=\"btn-corner_btn\" href=\"https:\/\/www.casacasco.com\/en\/menu-terraza\/\"><i class=\"fas fa-long-arrow-alt-right\"><\/i>VER MEN\u00da<\/a><\/div>\n<div class=\"btn-formato_inner\"><a class=\"btn-corner_btn\" href=\"https:\/\/wa.me\/+50762889024?text=Hola,%20me%20gustar\u00eda%20reservar%20en%20Terraza%20\" target=\"_blank\" rel=\"noopener\"><i class=\"fas fa-long-arrow-alt-right\"><\/i>RESERVAR<\/a><\/div>\n<\/div>\n<p>[\/vc_column_text][\/vc_column][vc_column width=&#8221;1\/3&#8243; offset=&#8221;vc_col-md-4&#8243; conditional_render=&#8221;%5B%7B%22value_role%22%3A%22administrator%22%7D%5D&#8221;]<div class=\"porto-sicon-box  wpb_custom_bead5d9eec8e2ddc9fe595c665b76e44 style_1 default-icon flex-wrap\"><div class=\"porto-sicon-default\"><div class=\"porto-just-icon-wrapper porto-icon none\" style=\"color:#846f37;font-size:32px;\"><i class=\"far fa-clock\"><\/i><\/div><\/div><div class=\"porto-sicon-header\"><h3 class=\"porto-sicon-title\" style=\"\">Horario:<\/h3><\/div> <!-- header --><div class=\"porto-sicon-description\" style=\"\">\n<table class=\"horario\">\n<tbody>\n<tr>\n<td class=\"titulo\">Domingo<\/td>\n<td>12:00 p.m a 12:00 a.m<\/td>\n<\/tr>\n<tr>\n<td class=\"titulo\">Lunes<\/td>\n<td>12:00 p.m a 12:00 a.m<\/td>\n<\/tr>\n<tr>\n<td class=\"titulo\">Martes<\/td>\n<td>12:00 p.m a 12:00 a.m<\/td>\n<\/tr>\n<tr>\n<td class=\"titulo\">Miercoles<\/td>\n<td>12:00 p.m a 1:00 a.m<\/td>\n<\/tr>\n<tr>\n<td class=\"titulo\">Jueves<\/td>\n<td>12:00 p.m a 12:00 a.m<\/td>\n<\/tr>\n<tr>\n<td class=\"titulo\">Viernes<\/td>\n<td>12:00 p.m 02:30 a.m<\/td>\n<\/tr>\n<tr>\n<td class=\"titulo\">S\u00e1bado<\/td>\n<td>12:00 p.m a 02:30 a.m<\/td>\n<\/tr>\n<\/tbody>\n<\/table>\n<p><\/div> <!-- description --><\/div><!-- porto-sicon-box -->[\/vc_column][\/vc_row][\/vc_section][vc_section full_width=&#8221;stretch_row&#8221; css_animation=&#8221;none&#8221; conditional_render=&#8221;%5B%7B%22value_role%22%3A%22administrator%22%7D%5D&#8221; el_class=&#8221;quitar-padding background-midle-not&#8221;][vc_row wrap_container=&#8221;yes&#8221; conditional_render=&#8221;%5B%7B%22value_role%22%3A%22administrator%22%7D%5D&#8221;][vc_column]<div class=\"porto-block\" data-id=\"13503\"><style>.vc_custom_1685472359298{margin-bottom: 35px !important;}.vc_custom_1683145930836{padding-top: 35px !important;padding-bottom: 35px !important;}.vc_custom_1683322456693{padding-top: 15px !important;}.wpb_custom_14191c946306147b20b3468cd1df1536 .porto-u-sub-heading{font-size:20px;line-height:25px;}<\/style><p>[vc_row wrap_container=\"yes\" animation_duration=\"2000\" animation_delay=\"200\" conditional_render=\"%5B%7B%22value_role%22%3A%22administrator%22%7D%5D\" el_class=\"cta-fonto up\" animation_type=\"fadeInUp\" css=\".vc_custom_1685472359298{margin-bottom: 35px !important;}\"][vc_column][vc_row_inner content_placement=\"middle\" wrap_container=\"yes\" css=\".vc_custom_1683145930836{padding-top: 35px !important;padding-bottom: 35px !important;}\"][vc_column_inner offset=\"vc_col-md-5\"]<div class=\"porto-u-heading text-cta-newsletter  wpb_custom_14191c946306147b20b3468cd1df1536\" data-hspacer=\"no_spacer\" data-halign=\"center\" style=\"text-align:center\"><div class=\"porto-u-main-heading\"><h2  >Subscribe to the Newsletter<\/h2><\/div><div class=\"porto-u-sub-heading\" style=\"margin-bottom:0px;\">Get the latest news on promotions<\/div><\/div>[\/vc_column_inner][vc_column_inner css=\".vc_custom_1683322456693{padding-top: 15px !important;}\" offset=\"vc_col-md-7\"]\n<div class=\"wpcf7 no-js\" id=\"wpcf7-f13505-o1\" lang=\"en-US\" dir=\"ltr\" data-wpcf7-id=\"13505\">\n<div class=\"screen-reader-response\"><p role=\"status\" aria-live=\"polite\" aria-atomic=\"true\"><\/p> <ul><\/ul><\/div>\n<form action=\"\/en\/wp-json\/wp\/v2\/pages\/14150#wpcf7-f13505-o1\" method=\"post\" class=\"wpcf7-form init\" aria-label=\"Contact form\" novalidate=\"novalidate\" data-status=\"init\">\n<fieldset class=\"hidden-fields-container\"><input type=\"hidden\" name=\"_wpcf7\" value=\"13505\" \/><input type=\"hidden\" name=\"_wpcf7_version\" value=\"6.1.5\" \/><input type=\"hidden\" name=\"_wpcf7_locale\" value=\"en_US\" \/><input type=\"hidden\" name=\"_wpcf7_unit_tag\" value=\"wpcf7-f13505-o1\" \/><input type=\"hidden\" name=\"_wpcf7_container_post\" value=\"0\" \/><input type=\"hidden\" name=\"_wpcf7_posted_data_hash\" value=\"\" \/>\n<\/fieldset>\n<div class=\"row contact-form-newsletter\">\n\t<div class=\"content-fomr col-8 col-lg-12\">\n\t\t<div class=\"content-fomr_box col-12 col-lg-7\">\n\t\t\t<div class=\"form-group\">\n\t\t\t\t<p><span class=\"wpcf7-form-control-wrap\" data-name=\"your-email\"><input size=\"40\" maxlength=\"400\" class=\"wpcf7-form-control wpcf7-email wpcf7-validates-as-required wpcf7-text wpcf7-validates-as-email form-control\" id=\"contact-email\" aria-required=\"true\" aria-invalid=\"false\" placeholder=\"Email\" value=\"\" type=\"email\" name=\"your-email\" \/><\/span>\n\t\t\t\t<\/p>\n\t\t\t<\/div>\n\t\t<\/div>\n\t\t<div class=\"content-fomr_box col-12 col-md-5\">\n\t\t\t<div class=\"btn-suscribe\">\n\t\t\t\t<p><input class=\"wpcf7-form-control wpcf7-submit has-spinner btn-fomr\" type=\"submit\" value=\"SUBSCRIBE\" \/>\n\t\t\t\t<\/p>\n\t\t\t<\/div>\n\t\t<\/div>\n\t<\/div>\n<\/div><input type='hidden' class='wpcf7-pum' value='{\"closepopup\":false,\"closedelay\":0,\"openpopup\":false,\"openpopup_id\":0}' \/><div class=\"wpcf7-response-output\" aria-hidden=\"true\"><\/div>\n<\/form>\n<\/div>\n[\/vc_column_inner][\/vc_row_inner][\/vc_column][\/vc_row]<\/p>\r\n<\/div>[\/vc_column][\/vc_row][\/vc_section]<\/p>\n<\/section>","protected":false},"excerpt":{"rendered":"<p>[vc_section full_width=&#8221;stretch_row&#8221; css_animation=&#8221;fadeIn&#8221; conditional_render=&#8221;%5B%7B%22value_role%22%3A%22administrator%22%7D%5D&#8221; css=&#8221;.vc_custom_1684511356982{background-position: center !important;background-repeat: no-repeat !important;background-size: cover !important;}&#8221; el_class=&#8221;banner-header&#8221;][vc_row full_width=&#8221;stretch_row_content_no_spaces&#8221; el_class=&#8221;banner-header&#8221; conditional_render=&#8221;%5B%7B%22value_role%22%3A%22administrator%22%7D%5D&#8221;][vc_column][\/vc_column][\/vc_row][\/vc_section][vc_section css=&#8221;.vc_custom_1690230810002{padding-top: 50px !important;}&#8221; conditional_render=&#8221;%5B%7B%22value_role%22%3A%22administrator%22%7D%5D&#8221; el_class=&#8221;d-none&#8221;][vc_row][vc_column css=&#8221;.vc_custom_1686944046893{border-bottom-width: 1px !important;border-bottom-color: #dddddd !important;border-bottom-style: solid !important;}&#8221; conditional_render=&#8221;%5B%7B%22value_role%22%3A%22administrator%22%7D%5D&#8221;][vc_single_image image=&#8221;14146&#8243; img_size=&#8221;full&#8221; alignment=&#8221;center&#8221; el_class=&#8221;logo-paginas-menu&#8221;][\/vc_column][\/vc_row][vc_row conditional_render=&#8221;%5B%7B%22value_role%22%3A%22administrator%22%7D%5D&#8221; css=&#8221;.vc_custom_1690230802473{padding-top: 20px !important;padding-bottom: 35px !important;}&#8221; el_class=&#8221;reverse &#8220;][vc_column width=&#8221;2\/3&#8243; offset=&#8221;vc_col-md-8&#8243; conditional_render=&#8221;%5B%7B%22value_role%22%3A%22administrator%22%7D%5D&#8221; css=&#8221;.vc_custom_1686944339005{padding-bottom: 35px !important;}&#8221;][vc_column_text]Nuestro Rooftop, ofrece la mejor vista del Casco Antiguo y [&hellip;]<\/p>\n","protected":false},"author":8,"featured_media":0,"parent":0,"menu_order":0,"comment_status":"closed","ping_status":"closed","template":"","meta":{"inline_featured_image":false,"footnotes":""},"class_list":["post-14150","page","type-page","status-publish","hentry"],"_links":{"self":[{"href":"https:\/\/www.casacasco.com\/en\/wp-json\/wp\/v2\/pages\/14150","targetHints":{"allow":["GET"]}}],"collection":[{"href":"https:\/\/www.casacasco.com\/en\/wp-json\/wp\/v2\/pages"}],"about":[{"href":"https:\/\/www.casacasco.com\/en\/wp-json\/wp\/v2\/types\/page"}],"author":[{"embeddable":true,"href":"https:\/\/www.casacasco.com\/en\/wp-json\/wp\/v2\/users\/8"}],"replies":[{"embeddable":true,"href":"https:\/\/www.casacasco.com\/en\/wp-json\/wp\/v2\/comments?post=14150"}],"version-history":[{"count":0,"href":"https:\/\/www.casacasco.com\/en\/wp-json\/wp\/v2\/pages\/14150\/revisions"}],"wp:attachment":[{"href":"https:\/\/www.casacasco.com\/en\/wp-json\/wp\/v2\/media?parent=14150"}],"curies":[{"name":"wp","href":"https:\/\/api.w.org\/{rel}","templated":true}]}}